{"id":119,"date":"2013-10-27T16:28:10","date_gmt":"2013-10-27T15:28:10","guid":{"rendered":"http:\/\/www.chorale-epoisses.fr\/blog\/?page_id=119"},"modified":"2022-10-07T09:51:08","modified_gmt":"2022-10-07T08:51:08","slug":"repetitions","status":"publish","type":"page","link":"http:\/\/www.chorale-epoisses.fr\/blog\/?page_id=119","title":{"rendered":"R\u00e9p\u00e9titions"},"content":{"rendered":"<p><strong><br \/>\nBonjour,<br \/>\n<\/strong><strong>Voici le programme des concerts d&rsquo;octobre 2022<\/strong><\/p>\n<p><strong>Salve R\u00e9gina<\/strong><br \/>\n<strong>Conte partiro<br \/>\nNabucco<\/strong><br \/>\n<strong>Down the river to pray<\/strong><br \/>\n<strong>Hallelujah<\/strong> Cohen<br \/>\n<strong>Oh Happy day<br \/>\n<\/strong><strong>Hallelujah<\/strong>\u00a0 Ha\u00ebndel<br \/>\n<strong>When the saints<\/strong><br \/>\n<strong>Plaine ma plaine<\/strong><br \/>\n<strong>Yalla<br \/>\n<\/strong><strong>Laissez entrer le soleil\u00a0<\/strong><br \/>\n<strong>L\u2019envie d\u2019aimer\u00a0<\/strong><br \/>\n<strong>Le temps des cath\u00e9drales<\/strong><br \/>\n<strong>Jardin extraordinaire<\/strong><br \/>\n<strong>Quelque chose de Tennesee<\/strong><br \/>\n<strong>Les ports de l\u2019Atlantique<\/strong><\/p>\n<p><strong><br \/>\nPr\u00e9parez \u00e9galement les nouveaux chants de No\u00ebl dont vous avez re\u00e7u les partitions et le CD de travail. Pour les choristes qui ont choisi MP3, les fichiers son sont disponibles sur la <a href=\"http:\/\/www.chorale-epoisses.fr\/blog\/?page_id=1828\" target=\"_blank\" rel=\"noopener\">page No\u00ebl 2022<\/a><br \/>\n<\/strong><\/p>\n<p>Le programme des futurs concerts de No\u00ebl vous sera communiqu\u00e9 apr\u00e8s le 16 octobre<\/p>\n<p style=\"text-align: justify;\"><a href=\"https:\/\/www.youtube.com\/watch?v=TzejzO8ag2k\" target=\"_blank\" rel=\"noopener noreferrer\">Vous pouvez \u00e9couter ce que je voudrais avec Down to the river to pray<\/a><br \/>\nRegardez \u00e9galement la mise en place des choristes, et le swing qui ressort de leur interpr\u00e9tation.<\/p>\n<p style=\"text-align: justify;\">Liste des <a href=\"http:\/\/www.chorale-epoisses.fr\/blog\/wp-content\/uploads\/2016\/01\/titres.pdf\">titres<\/a>\u00a0 susceptibles d&rsquo;\u00eatre repris<\/p>\n","protected":false},"excerpt":{"rendered":"<p>Bonjour, Voici le programme des concerts d&rsquo;octobre 2022 Salve R\u00e9gina Conte partiro Nabucco Down the river to pray Hallelujah Cohen Oh Happy day Hallelujah\u00a0 Ha\u00ebndel When the saints Plaine ma plaine Yalla Laissez entrer le soleil\u00a0 L\u2019envie d\u2019aimer\u00a0 Le temps des cath\u00e9drales Jardin extraordinaire Quelque chose de Tennesee Les ports de l\u2019Atlantique Pr\u00e9parez \u00e9galement les &hellip; <a href=\"http:\/\/www.chorale-epoisses.fr\/blog\/?page_id=119\" class=\"more-link\">Continuer la lecture de <span class=\"screen-reader-text\">R\u00e9p\u00e9titions<\/span>  <span class=\"meta-nav\">&rarr;<\/span><\/a><\/p>\n","protected":false},"author":3,"featured_media":0,"parent":0,"menu_order":0,"comment_status":"open","ping_status":"open","template":"","meta":{"footnotes":""},"class_list":["post-119","page","type-page","status-publish","hentry"],"_links":{"self":[{"href":"http:\/\/www.chorale-epoisses.fr\/blog\/index.php?rest_route=\/wp\/v2\/pages\/119","targetHints":{"allow":["GET"]}}],"collection":[{"href":"http:\/\/www.chorale-epoisses.fr\/blog\/index.php?rest_route=\/wp\/v2\/pages"}],"about":[{"href":"http:\/\/www.chorale-epoisses.fr\/blog\/index.php?rest_route=\/wp\/v2\/types\/page"}],"author":[{"embeddable":true,"href":"http:\/\/www.chorale-epoisses.fr\/blog\/index.php?rest_route=\/wp\/v2\/users\/3"}],"replies":[{"embeddable":true,"href":"http:\/\/www.chorale-epoisses.fr\/blog\/index.php?rest_route=%2Fwp%2Fv2%2Fcomments&post=119"}],"version-history":[{"count":113,"href":"http:\/\/www.chorale-epoisses.fr\/blog\/index.php?rest_route=\/wp\/v2\/pages\/119\/revisions"}],"predecessor-version":[{"id":1858,"href":"http:\/\/www.chorale-epoisses.fr\/blog\/index.php?rest_route=\/wp\/v2\/pages\/119\/revisions\/1858"}],"wp:attachment":[{"href":"http:\/\/www.chorale-epoisses.fr\/blog\/index.php?rest_route=%2Fwp%2Fv2%2Fmedia&parent=119"}],"curies":[{"name":"wp","href":"https:\/\/api.w.org\/{rel}","templated":true}]}}