{"id":259,"date":"2014-11-24T21:30:14","date_gmt":"2014-11-24T20:30:14","guid":{"rendered":"http:\/\/www.chorale-epoisses.fr\/blog\/?page_id=259"},"modified":"2020-05-06T20:06:32","modified_gmt":"2020-05-06T19:06:32","slug":"reglement-interieur","status":"publish","type":"page","link":"http:\/\/www.chorale-epoisses.fr\/blog\/?page_id=259","title":{"rendered":"R\u00e8glement int\u00e9rieur"},"content":{"rendered":"<p>Tous les membres de l&rsquo;association s&rsquo;engagent \u00e0 respecter le r\u00e8glement int\u00e9rieur qui peut \u00eatre t\u00e9l\u00e9charg\u00e9 ou <a href=\"http:\/\/www.chorale-epoisses.fr\/blog\/wp-content\/uploads\/2016\/09\/reglementinterieur.pdf\">consult\u00e9 en cliquant ici<br \/>\n<\/a>Les statuts de l&rsquo;association sont \u00e9galement <a href=\"http:\/\/www.chorale-epoisses.fr\/blog\/wp-content\/uploads\/2016\/09\/StatutsChorale.pdf\">disponibles en cliquant ici<\/a><\/p>\n","protected":false},"excerpt":{"rendered":"<p>Tous les membres de l&rsquo;association s&rsquo;engagent \u00e0 respecter le r\u00e8glement int\u00e9rieur qui peut \u00eatre t\u00e9l\u00e9charg\u00e9 ou consult\u00e9 en cliquant ici Les statuts de l&rsquo;association sont \u00e9galement disponibles en cliquant ici<\/p>\n","protected":false},"author":3,"featured_media":0,"parent":0,"menu_order":0,"comment_status":"open","ping_status":"open","template":"onecolumn-page.php","meta":{"footnotes":""},"class_list":["post-259","page","type-page","status-publish","hentry"],"_links":{"self":[{"href":"http:\/\/www.chorale-epoisses.fr\/blog\/index.php?rest_route=\/wp\/v2\/pages\/259","targetHints":{"allow":["GET"]}}],"collection":[{"href":"http:\/\/www.chorale-epoisses.fr\/blog\/index.php?rest_route=\/wp\/v2\/pages"}],"about":[{"href":"http:\/\/www.chorale-epoisses.fr\/blog\/index.php?rest_route=\/wp\/v2\/types\/page"}],"author":[{"embeddable":true,"href":"http:\/\/www.chorale-epoisses.fr\/blog\/index.php?rest_route=\/wp\/v2\/users\/3"}],"replies":[{"embeddable":true,"href":"http:\/\/www.chorale-epoisses.fr\/blog\/index.php?rest_route=%2Fwp%2Fv2%2Fcomments&post=259"}],"version-history":[{"count":4,"href":"http:\/\/www.chorale-epoisses.fr\/blog\/index.php?rest_route=\/wp\/v2\/pages\/259\/revisions"}],"predecessor-version":[{"id":584,"href":"http:\/\/www.chorale-epoisses.fr\/blog\/index.php?rest_route=\/wp\/v2\/pages\/259\/revisions\/584"}],"wp:attachment":[{"href":"http:\/\/www.chorale-epoisses.fr\/blog\/index.php?rest_route=%2Fwp%2Fv2%2Fmedia&parent=259"}],"curies":[{"name":"wp","href":"https:\/\/api.w.org\/{rel}","templated":true}]}}