{"id":50,"date":"2013-02-11T20:58:37","date_gmt":"2013-02-11T19:58:37","guid":{"rendered":"http:\/\/www.chorale-epoisses.fr\/blog\/?page_id=50"},"modified":"2020-05-06T20:06:57","modified_gmt":"2020-05-06T19:06:57","slug":"regles-dutilisation","status":"publish","type":"page","link":"http:\/\/www.chorale-epoisses.fr\/blog\/?page_id=50","title":{"rendered":"R\u00e8gles d&rsquo;utilisation"},"content":{"rendered":"<p>Les articles et commentaires sont publi\u00e9s sous la responsabilit\u00e9 de leur auteur.<\/p>\n<p>Les auteurs qui \u00e9criront des articles ou des commentaires pr\u00e9sentant des caract\u00e8res insultants ou diffamatoires seront radi\u00e9s de la liste des utilisateurs autoris\u00e9s.<\/p>\n","protected":false},"excerpt":{"rendered":"<p>Les articles et commentaires sont publi\u00e9s sous la responsabilit\u00e9 de leur auteur. Les auteurs qui \u00e9criront des articles ou des commentaires pr\u00e9sentant des caract\u00e8res insultants ou diffamatoires seront radi\u00e9s de la liste des utilisateurs autoris\u00e9s.<\/p>\n","protected":false},"author":1,"featured_media":0,"parent":0,"menu_order":0,"comment_status":"open","ping_status":"open","template":"onecolumn-page.php","meta":{"footnotes":""},"class_list":["post-50","page","type-page","status-publish","hentry"],"_links":{"self":[{"href":"http:\/\/www.chorale-epoisses.fr\/blog\/index.php?rest_route=\/wp\/v2\/pages\/50","targetHints":{"allow":["GET"]}}],"collection":[{"href":"http:\/\/www.chorale-epoisses.fr\/blog\/index.php?rest_route=\/wp\/v2\/pages"}],"about":[{"href":"http:\/\/www.chorale-epoisses.fr\/blog\/index.php?rest_route=\/wp\/v2\/types\/page"}],"author":[{"embeddable":true,"href":"http:\/\/www.chorale-epoisses.fr\/blog\/index.php?rest_route=\/wp\/v2\/users\/1"}],"replies":[{"embeddable":true,"href":"http:\/\/www.chorale-epoisses.fr\/blog\/index.php?rest_route=%2Fwp%2Fv2%2Fcomments&post=50"}],"version-history":[{"count":5,"href":"http:\/\/www.chorale-epoisses.fr\/blog\/index.php?rest_route=\/wp\/v2\/pages\/50\/revisions"}],"predecessor-version":[{"id":115,"href":"http:\/\/www.chorale-epoisses.fr\/blog\/index.php?rest_route=\/wp\/v2\/pages\/50\/revisions\/115"}],"wp:attachment":[{"href":"http:\/\/www.chorale-epoisses.fr\/blog\/index.php?rest_route=%2Fwp%2Fv2%2Fmedia&parent=50"}],"curies":[{"name":"wp","href":"https:\/\/api.w.org\/{rel}","templated":true}]}}